{"id":6933,"date":"2025-10-21T17:30:27","date_gmt":"2025-10-21T14:30:27","guid":{"rendered":"https:\/\/odyoloji.com.tr\/?page_id=6933"},"modified":"2026-01-21T11:07:55","modified_gmt":"2026-01-21T08:07:55","slug":"resonance-re-vo2-video-otoskop","status":"publish","type":"page","link":"https:\/\/odyoloji.com.tr\/index.php\/isitme-cihazi-uygulama-bakim-sistemleri\/resonance-re-vo2-video-otoskop\/","title":{"rendered":"Resonance RE-VO2 Video Otoskop"},"content":{"rendered":"[vc_row type=&#8221;in_container&#8221; full_screen_row_position=&#8221;middle&#8221; column_margin=&#8221;default&#8221; column_direction=&#8221;default&#8221; column_direction_tablet=&#8221;default&#8221; column_direction_phone=&#8221;default&#8221; scene_position=&#8221;center&#8221; text_color=&#8221;dark&#8221; text_align=&#8221;left&#8221; row_border_radius=&#8221;none&#8221; row_border_radius_applies=&#8221;bg&#8221; overflow=&#8221;visible&#8221; overlay_strength=&#8221;0.3&#8243; gradient_direction=&#8221;left_to_right&#8221; shape_divider_position=&#8221;bottom&#8221; bg_image_animation=&#8221;none&#8221;][vc_column column_padding=&#8221;no-extra-padding&#8221; column_padding_tablet=&#8221;inherit&#8221; column_padding_phone=&#8221;inherit&#8221; column_padding_position=&#8221;all&#8221; column_element_direction_desktop=&#8221;default&#8221; column_element_spacing=&#8221;default&#8221; desktop_text_alignment=&#8221;default&#8221; tablet_text_alignment=&#8221;default&#8221; phone_text_alignment=&#8221;default&#8221; background_color_opacity=&#8221;1&#8243; background_hover_color_opacity=&#8221;1&#8243; column_backdrop_filter=&#8221;none&#8221; column_shadow=&#8221;none&#8221; column_border_radius=&#8221;none&#8221; column_link_target=&#8221;_self&#8221; column_position=&#8221;default&#8221; gradient_direction=&#8221;left_to_right&#8221; overlay_strength=&#8221;0.3&#8243; width=&#8221;1\/1&#8243; tablet_width_inherit=&#8221;default&#8221; animation_type=&#8221;default&#8221; bg_image_animation=&#8221;none&#8221; border_type=&#8221;simple&#8221; column_border_width=&#8221;none&#8221; column_border_style=&#8221;solid&#8221;][vc_column_text css=&#8221;&#8221; text_direction=&#8221;default&#8221;]\n<h2><strong>Resonance RE-VO2 Video Otoskop<\/strong><\/h2>\n[\/vc_column_text][image_with_animation image_url=&#8221;6153&#8243; image_size=&#8221;medium_large&#8221; animation_type=&#8221;entrance&#8221; animation=&#8221;None&#8221; animation_movement_type=&#8221;transform_y&#8221; hover_animation=&#8221;none&#8221; alignment=&#8221;center&#8221; border_radius=&#8221;none&#8221; box_shadow=&#8221;none&#8221; image_loading=&#8221;default&#8221; max_width=&#8221;100%&#8221; max_width_mobile=&#8221;default&#8221;][\/vc_column][\/vc_row][vc_row type=&#8221;in_container&#8221; full_screen_row_position=&#8221;middle&#8221; column_margin=&#8221;default&#8221; column_direction=&#8221;default&#8221; column_direction_tablet=&#8221;default&#8221; column_direction_phone=&#8221;default&#8221; scene_position=&#8221;center&#8221; text_color=&#8221;dark&#8221; text_align=&#8221;left&#8221; row_border_radius=&#8221;none&#8221; row_border_radius_applies=&#8221;bg&#8221; overflow=&#8221;visible&#8221; overlay_strength=&#8221;0.3&#8243; gradient_direction=&#8221;left_to_right&#8221; shape_divider_position=&#8221;bottom&#8221; bg_image_animation=&#8221;none&#8221;][vc_column column_padding=&#8221;no-extra-padding&#8221; column_padding_tablet=&#8221;inherit&#8221; column_padding_phone=&#8221;inherit&#8221; column_padding_position=&#8221;all&#8221; column_element_direction_desktop=&#8221;default&#8221; column_element_spacing=&#8221;default&#8221; desktop_text_alignment=&#8221;default&#8221; tablet_text_alignment=&#8221;default&#8221; phone_text_alignment=&#8221;default&#8221; background_color_opacity=&#8221;1&#8243; background_hover_color_opacity=&#8221;1&#8243; column_backdrop_filter=&#8221;none&#8221; column_shadow=&#8221;none&#8221; column_border_radius=&#8221;none&#8221; column_link_target=&#8221;_self&#8221; column_position=&#8221;default&#8221; gradient_direction=&#8221;left_to_right&#8221; overlay_strength=&#8221;0.3&#8243; width=&#8221;1\/1&#8243; tablet_width_inherit=&#8221;default&#8221; animation_type=&#8221;default&#8221; bg_image_animation=&#8221;none&#8221; border_type=&#8221;simple&#8221; column_border_width=&#8221;none&#8221; column_border_style=&#8221;solid&#8221;][vc_column_text css=&#8221;&#8221; text_direction=&#8221;default&#8221;]\n<div class=\"elementor-element elementor-element-ec43013 elementor-widget elementor-widget-pix-feature\" data-id=\"ec43013\" data-element_type=\"widget\" data-widget_type=\"pix-feature.default\">\n<div class=\"elementor-widget-container\">\n<div id=\"duo-icon-25812153\" class=\"pix-feature-el text-left \">\n<h3 class=\"font-weight-bold text-heading-default \"><strong>Resonance RE-VO2 | Video Otoskop<\/strong><\/h3>\n<div class=\"text-text-gray font-weight-bold \">Resonance RE-VO2 video otoskopu, KBB uzmanlar\u0131n\u0131n ve i\u015fitme profesyonellerinin \u00f6n tan\u0131 de\u011ferlendirmeleri i\u00e7in d\u0131\u015f kulak ve timpanik membran\u0131n otoskopik muayenesini yapmalar\u0131 i\u00e7in kullan\u0131l\u0131r. Cihaz, ucunda HD mikro video kamera bulunan ve ayn\u0131 anda kulak zar\u0131n\u0131n ve kulak kanal\u0131n\u0131n bir k\u0131sm\u0131n\u0131n video ekran\u0131nda g\u00f6r\u00fcnt\u00fclenmesini sa\u011flayan el tipi bir otoskoptan olu\u015fur.<\/div>\n<div><\/div>\n<\/div>\n<\/div>\n<\/div>\n<div class=\"elementor-element elementor-element-111d80e elementor-widget elementor-widget-pix-feature\" data-id=\"111d80e\" data-element_type=\"widget\" data-widget_type=\"pix-feature.default\">\n<div class=\"elementor-widget-container\">\n<div id=\"duo-icon-197692777\" class=\"pix-feature-el text-left \">\n<div class=\"text-text-gray font-weight-bold \">RE-VO2, timpanik membran\u0131n ger\u00e7ek zamanl\u0131 g\u00f6r\u00fcnt\u00fclenmesini ve g\u00f6r\u00fcnt\u00fc veya videonun kaydedilmesini sa\u011flayan Resoscope adl\u0131 PC tabanl\u0131 bir yaz\u0131l\u0131mla birlikte gelir ve profesyonellere hastan\u0131n kula\u011f\u0131n\u0131n kapsaml\u0131 bir g\u00f6r\u00fcn\u00fcm\u00fcn\u00fc incelemeyi ve gerekti\u011finde kaydetmeyi sa\u011flar.<\/div>\n<\/div>\n<\/div>\n<\/div>\n[\/vc_column_text][\/vc_column][\/vc_row][vc_row type=&#8221;in_container&#8221; full_screen_row_position=&#8221;middle&#8221; column_margin=&#8221;default&#8221; column_direction=&#8221;default&#8221; column_direction_tablet=&#8221;default&#8221; column_direction_phone=&#8221;default&#8221; scene_position=&#8221;center&#8221; text_color=&#8221;dark&#8221; text_align=&#8221;left&#8221; row_border_radius=&#8221;none&#8221; row_border_radius_applies=&#8221;bg&#8221; overflow=&#8221;visible&#8221; overlay_strength=&#8221;0.3&#8243; gradient_direction=&#8221;left_to_right&#8221; shape_divider_position=&#8221;bottom&#8221; bg_image_animation=&#8221;none&#8221;][vc_column column_padding=&#8221;no-extra-padding&#8221; column_padding_tablet=&#8221;inherit&#8221; column_padding_phone=&#8221;inherit&#8221; column_padding_position=&#8221;all&#8221; column_element_direction_desktop=&#8221;default&#8221; column_element_spacing=&#8221;default&#8221; desktop_text_alignment=&#8221;default&#8221; tablet_text_alignment=&#8221;default&#8221; phone_text_alignment=&#8221;default&#8221; background_color_opacity=&#8221;1&#8243; background_hover_color_opacity=&#8221;1&#8243; column_backdrop_filter=&#8221;none&#8221; column_shadow=&#8221;none&#8221; column_border_radius=&#8221;none&#8221; column_link_target=&#8221;_self&#8221; column_position=&#8221;default&#8221; gradient_direction=&#8221;left_to_right&#8221; overlay_strength=&#8221;0.3&#8243; width=&#8221;1\/1&#8243; tablet_width_inherit=&#8221;default&#8221; animation_type=&#8221;default&#8221; bg_image_animation=&#8221;none&#8221; border_type=&#8221;simple&#8221; column_border_width=&#8221;none&#8221; column_border_style=&#8221;solid&#8221;][vc_column_text css=&#8221;&#8221; text_direction=&#8221;default&#8221;]\n<h3><strong>Teknik \u00d6zellikleri<\/strong><\/h3>\n<ul>\n<li><strong>G\u00f6r\u00fcnt\u00fc sens\u00f6r\u00fc:<\/strong>\u00a01\/9\u201d y\u00fcksek renkli sens\u00f6r<\/li>\n<li><strong>Kamera \u00e7ap\u0131:<\/strong>\u00a04.2mm<\/li>\n<li><strong>Piksel boyutu:<\/strong>\u00a01.4\u00b5m x 1.4\u00b5m<\/li>\n<li><strong>Spek\u00fcl:<\/strong>\u00a0AllSpec\u00ae Heine 4 veya 2,5 mm (pediatrik kullan\u0131m i\u00e7in)<\/li>\n<li><strong>Effective picture element:<\/strong>\u00a01280 (h) x 720 (v) Y\u00fcksek \u00c7\u00f6z\u00fcn\u00fcrl\u00fckl\u00fc HD<\/li>\n<li><strong>AGC, AES, AWB:<\/strong>\u00a0Otomatik<\/li>\n<li><strong>Dinamik aral\u0131k ve S\/N oran\u0131:<\/strong>\u00a068,4 dB ; 36,4 dB veya \u00fcst\u00fc<\/li>\n<li><strong>Mercek yap\u0131s\u0131:<\/strong>\u00a03P + IR<\/li>\n<li><strong>Mercek F\/NO:<\/strong>\u00a0F4.7<\/li>\n<li><strong>Mercek g\u00f6r\u00fc\u015f a\u00e7\u0131s\u0131 (G\u00f6r\u00fc\u015f Alan\u0131):<\/strong>\u00a0(D) 88\u00b0 + \/ -5\u00b0<\/li>\n<li><strong>Alan derinli\u011fi:<\/strong>\u00a010mm \u2013 30mm<\/li>\n<li><strong>I\u015f\u0131k kayna\u011f\u0131:<\/strong>\u00a0Y\u00fcksek \u0131\u015f\u0131kl\u0131 beyaz renkli LED<\/li>\n<li><strong>G\u00fc\u00e7 giri\u015fi:<\/strong>\u00a0USB C \u00fczerinden DC \u2013 5V<\/li>\n<li><strong>\u00c7\u0131k\u0131\u015f sistemi:<\/strong>\u00a0USB C \u00fczerinden, s\u00fcr\u00fcc\u00fcs\u00fcz<\/li>\n<li><strong>G\u00fc\u00e7 t\u00fcketimi:<\/strong>\u00a01W<\/li>\n<li><strong>\u00c7al\u0131\u015fma \/ Depolama s\u0131cakl\u0131\u011f\u0131:<\/strong>\u00a00 C\u00b0 ila +40 C\u00b0 \/ -10 C\u00b0 ila 70 C\u00b0<\/li>\n<li><strong>\u00c7al\u0131\u015fma ba\u011f\u0131l nemi:<\/strong>\u00a00% \u2013 90% Rh<\/li>\n<li><strong>A\u011f\u0131rl\u0131k \/ Uzunluk \/ Kablo uzunlu\u011fu:<\/strong>\u00a0100g \/ 16.8cm \/ 2m<\/li>\n<li><strong>Ba\u011flant\u0131:<\/strong> G\u00f6r\u00fcnt\u00fcleri yakalamak, g\u00f6r\u00fcnt\u00fclemek ve kaydetmek i\u00e7in USB C \u00fczerinden Windows 11 PC ile uyumludur<\/li>\n<li><strong>Yaz\u0131l\u0131m Uyumlulu\u011fu:<\/strong> Resoskop: PC\u2019de g\u00f6r\u00fcnt\u00fc \/ video y\u00f6netimi i\u00e7in bir yaz\u0131l\u0131m ve Android cep telefonlar\u0131 i\u00e7in mod\u00fcl veya uygulama mevcuttur<\/li>\n<\/ul>\n[\/vc_column_text][\/vc_column][\/vc_row]\n","protected":false},"excerpt":{"rendered":"<p>[vc_row type=&#8221;in_container&#8221; full_screen_row_position=&#8221;middle&#8221; column_margin=&#8221;default&#8221; column_direction=&#8221;default&#8221; column_direction_tablet=&#8221;default&#8221; column_direction_phone=&#8221;default&#8221; scene_position=&#8221;center&#8221; text_color=&#8221;dark&#8221; text_align=&#8221;left&#8221; row_border_radius=&#8221;none&#8221; row_border_radius_applies=&#8221;bg&#8221; overflow=&#8221;visible&#8221; overlay_strength=&#8221;0.3&#8243; gradient_direction=&#8221;left_to_right&#8221; shape_divider_position=&#8221;bottom&#8221; bg_image_animation=&#8221;none&#8221;][vc_column column_padding=&#8221;no-extra-padding&#8221; column_padding_tablet=&#8221;inherit&#8221; column_padding_phone=&#8221;inherit&#8221; column_padding_position=&#8221;all&#8221; column_element_direction_desktop=&#8221;default&#8221; column_element_spacing=&#8221;default&#8221; desktop_text_alignment=&#8221;default&#8221; tablet_text_alignment=&#8221;default&#8221;&#8230;<\/p>\n","protected":false},"author":1,"featured_media":0,"parent":5928,"menu_order":0,"comment_status":"closed","ping_status":"closed","template":"","meta":{"footnotes":""},"class_list":["post-6933","page","type-page","status-publish"],"_links":{"self":[{"href":"https:\/\/odyoloji.com.tr\/index.php\/wp-json\/wp\/v2\/pages\/6933","targetHints":{"allow":["GET"]}}],"collection":[{"href":"https:\/\/odyoloji.com.tr\/index.php\/wp-json\/wp\/v2\/pages"}],"about":[{"href":"https:\/\/odyoloji.com.tr\/index.php\/wp-json\/wp\/v2\/types\/page"}],"author":[{"embeddable":true,"href":"https:\/\/odyoloji.com.tr\/index.php\/wp-json\/wp\/v2\/users\/1"}],"replies":[{"embeddable":true,"href":"https:\/\/odyoloji.com.tr\/index.php\/wp-json\/wp\/v2\/comments?post=6933"}],"version-history":[{"count":6,"href":"https:\/\/odyoloji.com.tr\/index.php\/wp-json\/wp\/v2\/pages\/6933\/revisions"}],"predecessor-version":[{"id":7383,"href":"https:\/\/odyoloji.com.tr\/index.php\/wp-json\/wp\/v2\/pages\/6933\/revisions\/7383"}],"up":[{"embeddable":true,"href":"https:\/\/odyoloji.com.tr\/index.php\/wp-json\/wp\/v2\/pages\/5928"}],"wp:attachment":[{"href":"https:\/\/odyoloji.com.tr\/index.php\/wp-json\/wp\/v2\/media?parent=6933"}],"curies":[{"name":"wp","href":"https:\/\/api.w.org\/{rel}","templated":true}]}}