{"id":6914,"date":"2025-10-21T17:26:18","date_gmt":"2025-10-21T14:26:18","guid":{"rendered":"https:\/\/odyoloji.com.tr\/?page_id=6914"},"modified":"2026-01-21T11:16:34","modified_gmt":"2026-01-21T08:16:34","slug":"medrx-hit-isitme-cihazi-analiz-ve-test-sistemi","status":"publish","type":"page","link":"https:\/\/odyoloji.com.tr\/index.php\/isitme-cihazi-uygulama-bakim-sistemleri\/medrx-hit-isitme-cihazi-analiz-ve-test-sistemi\/","title":{"rendered":"MedRx HIT+ \u0130\u015fitme Cihaz\u0131 Analiz ve Test Sistemi"},"content":{"rendered":"[vc_row type=&#8221;in_container&#8221; full_screen_row_position=&#8221;middle&#8221; column_margin=&#8221;default&#8221; column_direction=&#8221;default&#8221; column_direction_tablet=&#8221;default&#8221; column_direction_phone=&#8221;default&#8221; scene_position=&#8221;center&#8221; text_color=&#8221;dark&#8221; text_align=&#8221;left&#8221; row_border_radius=&#8221;none&#8221; row_border_radius_applies=&#8221;bg&#8221; overflow=&#8221;visible&#8221; overlay_strength=&#8221;0.3&#8243; gradient_direction=&#8221;left_to_right&#8221; shape_divider_position=&#8221;bottom&#8221; bg_image_animation=&#8221;none&#8221;][vc_column column_padding=&#8221;no-extra-padding&#8221; column_padding_tablet=&#8221;inherit&#8221; column_padding_phone=&#8221;inherit&#8221; column_padding_position=&#8221;all&#8221; column_element_direction_desktop=&#8221;default&#8221; column_element_spacing=&#8221;default&#8221; desktop_text_alignment=&#8221;default&#8221; tablet_text_alignment=&#8221;default&#8221; phone_text_alignment=&#8221;default&#8221; background_color_opacity=&#8221;1&#8243; background_hover_color_opacity=&#8221;1&#8243; column_backdrop_filter=&#8221;none&#8221; column_shadow=&#8221;none&#8221; column_border_radius=&#8221;none&#8221; column_link_target=&#8221;_self&#8221; column_position=&#8221;default&#8221; gradient_direction=&#8221;left_to_right&#8221; overlay_strength=&#8221;0.3&#8243; width=&#8221;1\/2&#8243; tablet_width_inherit=&#8221;default&#8221; animation_type=&#8221;default&#8221; bg_image_animation=&#8221;none&#8221; border_type=&#8221;simple&#8221; column_border_width=&#8221;none&#8221; column_border_style=&#8221;solid&#8221;][image_with_animation image_url=&#8221;6149&#8243; image_size=&#8221;full&#8221; animation_type=&#8221;entrance&#8221; animation=&#8221;None&#8221; animation_movement_type=&#8221;transform_y&#8221; hover_animation=&#8221;none&#8221; alignment=&#8221;center&#8221; border_radius=&#8221;none&#8221; box_shadow=&#8221;none&#8221; image_loading=&#8221;default&#8221; max_width=&#8221;100%&#8221; max_width_mobile=&#8221;default&#8221;][\/vc_column][vc_column column_padding=&#8221;no-extra-padding&#8221; column_padding_tablet=&#8221;inherit&#8221; column_padding_phone=&#8221;inherit&#8221; column_padding_position=&#8221;all&#8221; column_element_direction_desktop=&#8221;default&#8221; column_element_spacing=&#8221;default&#8221; desktop_text_alignment=&#8221;default&#8221; tablet_text_alignment=&#8221;default&#8221; phone_text_alignment=&#8221;default&#8221; background_color_opacity=&#8221;1&#8243; background_hover_color_opacity=&#8221;1&#8243; column_backdrop_filter=&#8221;none&#8221; column_shadow=&#8221;none&#8221; column_border_radius=&#8221;none&#8221; column_link_target=&#8221;_self&#8221; column_position=&#8221;default&#8221; gradient_direction=&#8221;left_to_right&#8221; overlay_strength=&#8221;0.3&#8243; width=&#8221;1\/2&#8243; tablet_width_inherit=&#8221;default&#8221; animation_type=&#8221;default&#8221; bg_image_animation=&#8221;none&#8221; border_type=&#8221;simple&#8221; column_border_width=&#8221;none&#8221; column_border_style=&#8221;solid&#8221;][vc_column_text css=&#8221;&#8221; text_direction=&#8221;default&#8221;]\n<h2 class=\"font-weight-bold text-heading-default \">MedRx HIT+ \u0130\u015fitme Cihaz\u0131 Analiz ve Test Sistemi<\/h2>\n<h3 class=\"text-text-gray text-18 font-weight-bold \"><strong>\u0130\u015fitme Cihaz\u0131 Test &amp; Analiz Cihaz\u0131<\/strong><\/h3>\n[\/vc_column_text][\/vc_column][\/vc_row][vc_row type=&#8221;in_container&#8221; full_screen_row_position=&#8221;middle&#8221; column_margin=&#8221;default&#8221; column_direction=&#8221;default&#8221; column_direction_tablet=&#8221;default&#8221; column_direction_phone=&#8221;default&#8221; scene_position=&#8221;center&#8221; text_color=&#8221;dark&#8221; text_align=&#8221;left&#8221; row_border_radius=&#8221;none&#8221; row_border_radius_applies=&#8221;bg&#8221; overflow=&#8221;visible&#8221; overlay_strength=&#8221;0.3&#8243; gradient_direction=&#8221;left_to_right&#8221; shape_divider_position=&#8221;bottom&#8221; bg_image_animation=&#8221;none&#8221;][vc_column column_padding=&#8221;no-extra-padding&#8221; column_padding_tablet=&#8221;inherit&#8221; column_padding_phone=&#8221;inherit&#8221; column_padding_position=&#8221;all&#8221; column_element_direction_desktop=&#8221;default&#8221; column_element_spacing=&#8221;default&#8221; desktop_text_alignment=&#8221;default&#8221; tablet_text_alignment=&#8221;default&#8221; phone_text_alignment=&#8221;default&#8221; background_color_opacity=&#8221;1&#8243; background_hover_color_opacity=&#8221;1&#8243; column_backdrop_filter=&#8221;none&#8221; column_shadow=&#8221;none&#8221; column_border_radius=&#8221;none&#8221; column_link_target=&#8221;_self&#8221; column_position=&#8221;default&#8221; gradient_direction=&#8221;left_to_right&#8221; overlay_strength=&#8221;0.3&#8243; width=&#8221;1\/1&#8243; tablet_width_inherit=&#8221;default&#8221; animation_type=&#8221;default&#8221; bg_image_animation=&#8221;none&#8221; border_type=&#8221;simple&#8221; column_border_width=&#8221;none&#8221; column_border_style=&#8221;solid&#8221;][vc_column_text css=&#8221;&#8221; text_direction=&#8221;default&#8221;]\n<h3 class=\"font-weight-bold text-heading-default \"><strong>MedRx Avant HIT+ | \u0130\u015fitme Cihaz\u0131 Analiz &amp; Test Sistemi<\/strong><\/h3>\n<div class=\"text-text-gray \">MedRx AVANT HIT+, standart i\u015fitme cihaz\u0131 testlerini ger\u00e7ekle\u015ftirir. Cihaz, bir i\u015fitme cihaz\u0131 uygulama merkezinde kullan\u0131labilecek kadar k\u00fc\u00e7\u00fckt\u00fcr. Test sonu\u00e7lar\u0131, uygun eri\u015fim ve rapor yazd\u0131rma i\u00e7in otomatik olarak Noah&#8217;ta saklan\u0131r.<\/div>\n<div><\/div>\n<div>\n<div class=\"elementor-element elementor-element-8e4d784 elementor-widget elementor-widget-pix-feature\" data-id=\"8e4d784\" data-element_type=\"widget\" data-widget_type=\"pix-feature.default\">\n<div class=\"elementor-widget-container\">\n<div id=\"duo-icon-51451813\" class=\"pix-feature-el text-left \">\n<div class=\"text-text-gray \">AVANT Polar HIT+ kolay kullan\u0131m sa\u011flayan T\u00fcrk\u00e7e aray\u00fcz\u00fc ve men\u00fcs\u00fc sayesinde i\u015fitme cihazlar\u0131n\u0131n teknik \u00f6zelliklerini belirlemek amac\u0131yla maksimum performans i\u00e7in g\u00fcn\u00fcm\u00fcz\u00fcn bilimsel olarak kan\u0131tlanm\u0131\u015f teknolojisini kullanmaktad\u0131r.<\/div>\n<\/div>\n<\/div>\n<\/div>\n<div class=\"elementor-element elementor-element-6b74651 elementor-widget elementor-widget-text-editor\" data-id=\"6b74651\" data-element_type=\"widget\" data-widget_type=\"text-editor.default\">\n<div class=\"elementor-widget-container\"><\/div>\n<\/div>\n<\/div>\n[\/vc_column_text][\/vc_column][\/vc_row][vc_row type=&#8221;in_container&#8221; full_screen_row_position=&#8221;middle&#8221; column_margin=&#8221;default&#8221; column_direction=&#8221;default&#8221; column_direction_tablet=&#8221;default&#8221; column_direction_phone=&#8221;default&#8221; scene_position=&#8221;center&#8221; text_color=&#8221;dark&#8221; text_align=&#8221;left&#8221; row_border_radius=&#8221;none&#8221; row_border_radius_applies=&#8221;bg&#8221; overflow=&#8221;visible&#8221; overlay_strength=&#8221;0.3&#8243; gradient_direction=&#8221;left_to_right&#8221; shape_divider_position=&#8221;bottom&#8221; bg_image_animation=&#8221;none&#8221;][vc_column column_padding=&#8221;no-extra-padding&#8221; column_padding_tablet=&#8221;inherit&#8221; column_padding_phone=&#8221;inherit&#8221; column_padding_position=&#8221;all&#8221; column_element_direction_desktop=&#8221;default&#8221; column_element_spacing=&#8221;default&#8221; desktop_text_alignment=&#8221;default&#8221; tablet_text_alignment=&#8221;default&#8221; phone_text_alignment=&#8221;default&#8221; background_color_opacity=&#8221;1&#8243; background_hover_color_opacity=&#8221;1&#8243; column_backdrop_filter=&#8221;none&#8221; column_shadow=&#8221;none&#8221; column_border_radius=&#8221;none&#8221; column_link_target=&#8221;_self&#8221; column_position=&#8221;default&#8221; gradient_direction=&#8221;left_to_right&#8221; overlay_strength=&#8221;0.3&#8243; width=&#8221;1\/1&#8243; tablet_width_inherit=&#8221;default&#8221; animation_type=&#8221;default&#8221; bg_image_animation=&#8221;none&#8221; border_type=&#8221;simple&#8221; column_border_width=&#8221;none&#8221; column_border_style=&#8221;solid&#8221;][divider line_type=&#8221;No Line&#8221;][\/vc_column][\/vc_row][vc_row type=&#8221;in_container&#8221; full_screen_row_position=&#8221;middle&#8221; column_margin=&#8221;default&#8221; column_direction=&#8221;default&#8221; column_direction_tablet=&#8221;default&#8221; column_direction_phone=&#8221;default&#8221; scene_position=&#8221;center&#8221; text_color=&#8221;dark&#8221; text_align=&#8221;left&#8221; row_border_radius=&#8221;none&#8221; row_border_radius_applies=&#8221;bg&#8221; overflow=&#8221;visible&#8221; overlay_strength=&#8221;0.3&#8243; gradient_direction=&#8221;left_to_right&#8221; shape_divider_position=&#8221;bottom&#8221; bg_image_animation=&#8221;none&#8221;][vc_column column_padding=&#8221;no-extra-padding&#8221; column_padding_tablet=&#8221;inherit&#8221; column_padding_phone=&#8221;inherit&#8221; column_padding_position=&#8221;all&#8221; column_element_direction_desktop=&#8221;default&#8221; column_element_spacing=&#8221;default&#8221; desktop_text_alignment=&#8221;default&#8221; tablet_text_alignment=&#8221;default&#8221; phone_text_alignment=&#8221;default&#8221; background_color_opacity=&#8221;1&#8243; background_hover_color_opacity=&#8221;1&#8243; column_backdrop_filter=&#8221;none&#8221; column_shadow=&#8221;none&#8221; column_border_radius=&#8221;none&#8221; column_link_target=&#8221;_self&#8221; column_position=&#8221;default&#8221; gradient_direction=&#8221;left_to_right&#8221; overlay_strength=&#8221;0.3&#8243; width=&#8221;1\/1&#8243; tablet_width_inherit=&#8221;default&#8221; animation_type=&#8221;default&#8221; bg_image_animation=&#8221;none&#8221; border_type=&#8221;simple&#8221; column_border_width=&#8221;none&#8221; column_border_style=&#8221;solid&#8221;][vc_column_text css=&#8221;&#8221; text_direction=&#8221;default&#8221;]\n<h3><strong>Teknik \u00d6zellikleri<\/strong><\/h3>\n<ul>\n<li>Kompozit \/ dijital konu\u015fma se\u00e7ene\u011fi<\/li>\n<li>BTE, CIC, Open Fit, RIC, ITE, ITC uyumlu<\/li>\n<li>ANSI S.3.22-2003 test sekans\u0131<\/li>\n<li>ANSI 96\/03 test sekans\u0131<\/li>\n<li>IEC test sekans\u0131<\/li>\n<li>Dijital konu\u015fma sinyali<\/li>\n<li>Canl\u0131 konu\u015fma<\/li>\n<li>Y\u00f6nl\u00fc Test<\/li>\n<li>Kutupsal \u0130\u015faretleme<\/li>\n<li>\u00c7ok y\u00f6nl\u00fc test ayar\u0131<\/li>\n<li>Grafiklerin \u00d6zel \u00d6l\u00e7eklendirmesi<\/li>\n<li>E\u011fri D\u00fczle\u015ftirme<\/li>\n<li>Frekans Yan\u0131t\u0131 \u00d6l\u00e7\u00fcm\u00fc<\/li>\n<li>Input \u00d6l\u00e7\u00fcm\u00fc<\/li>\n<li>Output \u00d6l\u00e7\u00fcm\u00fc<\/li>\n<li>OSPL 90 \u00d6l\u00e7\u00fcm\u00fc<\/li>\n<li>Gain \/ Max Gain \u00d6l\u00e7\u00fcm\u00fc<\/li>\n<li>Referance Gain \u00f6l\u00e7\u00fcm\u00fc<\/li>\n<li>Full On Gain \u00d6l\u00e7\u00fcm\u00fc<\/li>\n<li>Attack \/ Release Time \u00d6l\u00e7\u00fcm\u00fc<\/li>\n<li>Harmonic Distortion \u00d6l\u00e7\u00fcm\u00fc<\/li>\n<li>Directionalitty \u00d6l\u00e7\u00fcm\u00fc<\/li>\n<li>Battery Current \u00d6l\u00e7\u00fcm\u00fc<\/li>\n<li>Equivalent Input Noise \u00d6l\u00e7\u00fcm\u00fc<\/li>\n<li>Induction Coil \u00d6l\u00e7\u00fcm\u00fc<\/li>\n<\/ul>\n[\/vc_column_text][\/vc_column][\/vc_row]\n","protected":false},"excerpt":{"rendered":"<p>[vc_row type=&#8221;in_container&#8221; full_screen_row_position=&#8221;middle&#8221; column_margin=&#8221;default&#8221; column_direction=&#8221;default&#8221; column_direction_tablet=&#8221;default&#8221; column_direction_phone=&#8221;default&#8221; scene_position=&#8221;center&#8221; text_color=&#8221;dark&#8221; text_align=&#8221;left&#8221; row_border_radius=&#8221;none&#8221; row_border_radius_applies=&#8221;bg&#8221; overflow=&#8221;visible&#8221; overlay_strength=&#8221;0.3&#8243; gradient_direction=&#8221;left_to_right&#8221; shape_divider_position=&#8221;bottom&#8221; bg_image_animation=&#8221;none&#8221;][vc_column column_padding=&#8221;no-extra-padding&#8221; column_padding_tablet=&#8221;inherit&#8221; column_padding_phone=&#8221;inherit&#8221; column_padding_position=&#8221;all&#8221; column_element_direction_desktop=&#8221;default&#8221; column_element_spacing=&#8221;default&#8221; desktop_text_alignment=&#8221;default&#8221; tablet_text_alignment=&#8221;default&#8221;&#8230;<\/p>\n","protected":false},"author":1,"featured_media":0,"parent":5928,"menu_order":0,"comment_status":"closed","ping_status":"closed","template":"","meta":{"footnotes":""},"class_list":["post-6914","page","type-page","status-publish"],"_links":{"self":[{"href":"https:\/\/odyoloji.com.tr\/index.php\/wp-json\/wp\/v2\/pages\/6914","targetHints":{"allow":["GET"]}}],"collection":[{"href":"https:\/\/odyoloji.com.tr\/index.php\/wp-json\/wp\/v2\/pages"}],"about":[{"href":"https:\/\/odyoloji.com.tr\/index.php\/wp-json\/wp\/v2\/types\/page"}],"author":[{"embeddable":true,"href":"https:\/\/odyoloji.com.tr\/index.php\/wp-json\/wp\/v2\/users\/1"}],"replies":[{"embeddable":true,"href":"https:\/\/odyoloji.com.tr\/index.php\/wp-json\/wp\/v2\/comments?post=6914"}],"version-history":[{"count":8,"href":"https:\/\/odyoloji.com.tr\/index.php\/wp-json\/wp\/v2\/pages\/6914\/revisions"}],"predecessor-version":[{"id":7389,"href":"https:\/\/odyoloji.com.tr\/index.php\/wp-json\/wp\/v2\/pages\/6914\/revisions\/7389"}],"up":[{"embeddable":true,"href":"https:\/\/odyoloji.com.tr\/index.php\/wp-json\/wp\/v2\/pages\/5928"}],"wp:attachment":[{"href":"https:\/\/odyoloji.com.tr\/index.php\/wp-json\/wp\/v2\/media?parent=6914"}],"curies":[{"name":"wp","href":"https:\/\/api.w.org\/{rel}","templated":true}]}}