{"id":5970,"date":"2025-10-18T11:14:26","date_gmt":"2025-10-18T08:14:26","guid":{"rendered":"https:\/\/odyoloji.com.tr\/?page_id=5970"},"modified":"2025-10-31T17:59:03","modified_gmt":"2025-10-31T14:59:03","slug":"cerez-politikasi","status":"publish","type":"page","link":"https:\/\/odyoloji.com.tr\/index.php\/cerez-politikasi\/","title":{"rendered":"\u00c7erez Politikas\u0131"},"content":{"rendered":"[vc_row type=&#8221;in_container&#8221; full_screen_row_position=&#8221;middle&#8221; column_margin=&#8221;default&#8221; column_direction=&#8221;default&#8221; column_direction_tablet=&#8221;default&#8221; column_direction_phone=&#8221;default&#8221; scene_position=&#8221;center&#8221; text_color=&#8221;dark&#8221; text_align=&#8221;left&#8221; row_border_radius=&#8221;none&#8221; row_border_radius_applies=&#8221;bg&#8221; overflow=&#8221;visible&#8221; overlay_strength=&#8221;0.3&#8243; gradient_direction=&#8221;left_to_right&#8221; shape_divider_position=&#8221;bottom&#8221; bg_image_animation=&#8221;none&#8221;][vc_column column_padding=&#8221;no-extra-padding&#8221; column_padding_tablet=&#8221;inherit&#8221; column_padding_phone=&#8221;inherit&#8221; column_padding_position=&#8221;all&#8221; column_element_direction_desktop=&#8221;default&#8221; column_element_spacing=&#8221;default&#8221; desktop_text_alignment=&#8221;default&#8221; tablet_text_alignment=&#8221;default&#8221; phone_text_alignment=&#8221;default&#8221; background_color_opacity=&#8221;1&#8243; background_hover_color_opacity=&#8221;1&#8243; column_backdrop_filter=&#8221;none&#8221; column_shadow=&#8221;none&#8221; column_border_radius=&#8221;none&#8221; column_link_target=&#8221;_self&#8221; column_position=&#8221;default&#8221; gradient_direction=&#8221;left_to_right&#8221; overlay_strength=&#8221;0.3&#8243; width=&#8221;1\/1&#8243; tablet_width_inherit=&#8221;default&#8221; animation_type=&#8221;default&#8221; bg_image_animation=&#8221;none&#8221; border_type=&#8221;simple&#8221; column_border_width=&#8221;none&#8221; column_border_style=&#8221;solid&#8221;][vc_column_text css=&#8221;&#8221; text_direction=&#8221;default&#8221;]\n<h3 style=\"text-align: center;\">\u00c7EREZ POL\u0130T\u0130KASI<\/h3>\n[\/vc_column_text][\/vc_column][\/vc_row][vc_row type=&#8221;in_container&#8221; full_screen_row_position=&#8221;middle&#8221; column_margin=&#8221;default&#8221; column_direction=&#8221;default&#8221; column_direction_tablet=&#8221;default&#8221; column_direction_phone=&#8221;default&#8221; scene_position=&#8221;center&#8221; text_color=&#8221;dark&#8221; text_align=&#8221;left&#8221; row_border_radius=&#8221;none&#8221; row_border_radius_applies=&#8221;bg&#8221; overflow=&#8221;visible&#8221; overlay_strength=&#8221;0.3&#8243; gradient_direction=&#8221;left_to_right&#8221; shape_divider_position=&#8221;bottom&#8221; bg_image_animation=&#8221;none&#8221;][vc_column column_padding=&#8221;no-extra-padding&#8221; column_padding_tablet=&#8221;inherit&#8221; column_padding_phone=&#8221;inherit&#8221; column_padding_position=&#8221;all&#8221; column_element_direction_desktop=&#8221;default&#8221; column_element_spacing=&#8221;default&#8221; desktop_text_alignment=&#8221;default&#8221; tablet_text_alignment=&#8221;default&#8221; phone_text_alignment=&#8221;default&#8221; background_color_opacity=&#8221;1&#8243; background_hover_color_opacity=&#8221;1&#8243; column_backdrop_filter=&#8221;none&#8221; column_shadow=&#8221;none&#8221; column_border_radius=&#8221;none&#8221; column_link_target=&#8221;_self&#8221; column_position=&#8221;default&#8221; gradient_direction=&#8221;left_to_right&#8221; overlay_strength=&#8221;0.3&#8243; width=&#8221;1\/1&#8243; tablet_width_inherit=&#8221;default&#8221; animation_type=&#8221;default&#8221; bg_image_animation=&#8221;none&#8221; border_type=&#8221;simple&#8221; column_border_width=&#8221;none&#8221; column_border_style=&#8221;solid&#8221;][vc_column_text css=&#8221;&#8221; text_direction=&#8221;default&#8221;]Bu metin, 6698 say\u0131l\u0131 Ki\u015fisel Verilerin Korunmas\u0131 Kanunu\u2019nun (Kanun) 10\u2019uncu maddesi ile Ayd\u0131nlatma Yu\u0308ku\u0308mlu\u0308lu\u0308\u011fu\u0308nu\u0308n Yerine Getirilmesinde Uyulacak Usul ve Esaslar Hakk\u0131nda Tebli\u011f kapsam\u0131nda veri sorumlusu s\u0131fat\u0131yla, <b>DUYUMED \u0130\u015e\u0130TME C\u0130HAZLARI ANON\u0130M \u015e\u0130RKET\u0130<\/b>\u00a0taraf\u0131ndan haz\u0131rlanm\u0131s\u0327t\u0131r.<\/p>\n<p>Bu \u00c7erez Ayd\u0131nlatma Metni\u2019nin amac\u0131, internet sitemizde kullan\u0131lan \u00e7erezlerin cihaz\u0131n\u0131za yerle\u015ftirilmesi arac\u0131l\u0131\u011f\u0131yla otomatik yolla elde edilen ki\u015fisel verilerin i\u015flenmesine ili\u015fkin olarak, hangi ama\u00e7larla hangi tu\u0308r \u00e7erezleri kulland\u0131\u011f\u0131m\u0131z\u0131 ve bu \u00e7erezleri nas\u0131l yo\u0308netebilece\u011finiz hakk\u0131nda sizlere bilgi vermektir.<\/p>\n<p>\u0130nternet sitemizde kulland\u0131\u011f\u0131m\u0131z, zorunlu \u00e7erezler haricindeki \u00e7erezler i\u00e7in, kullan\u0131c\u0131lar\u0131n a\u00e7\u0131k r\u0131zalar\u0131 al\u0131nmakta ve istedikleri zaman r\u0131zalar\u0131n\u0131 de\u011fi\u015ftirebilme olana\u011f\u0131 sa\u011flanmaktad\u0131r. Kullan\u0131c\u0131lar \u00e7erez yo\u0308netim paneli \u00fczerinden, internet sitemizde kullan\u0131lan \u00e7erez \u00e7e\u015fitlerini go\u0308rebilmekte ve Zorunlu \u00c7erezler d\u0131\u015f\u0131nda kalan t\u00fcm \u00e7erezler i\u00e7in \u201ca\u00e7\u0131k\u201d veya \u201ckapal\u0131\u201d se\u00e7enekleri ile tercihlerini belirleyebilmektedirler. Yine bu panel \u00fczerinden kullan\u0131c\u0131lar tercihlerini her zaman de\u011fi\u015ftirebilmektedirler.<\/p>\n<p><b>\u00c7erez \u00c7e\u015fitleri<\/b><\/p>\n<p><b>Kullan\u0131m s\u00fcresine g\u00f6re \u00e7erez \u00e7e\u015fitleri:<\/b> \u0130nternet sitemizde kullan\u0131m su\u0308relerine g\u00f6re oturum \u00e7erezleri ve kal\u0131c\u0131 \u00e7erezler kullan\u0131lmaktad\u0131r. Oturum \u00e7erezi, oturumun s\u00fcreklili\u011finin sa\u011flanmas\u0131 amac\u0131yla kullan\u0131lmakta olup kullan\u0131c\u0131 taray\u0131c\u0131s\u0131n\u0131 kapatt\u0131\u011f\u0131nda bu \u00e7erezler de silinmektedir. Kal\u0131c\u0131 \u00e7erez ise internet taray\u0131c\u0131s\u0131 kapat\u0131ld\u0131\u011f\u0131 zaman silinmemekte ve belirli bir tarihte veya belirli bir su\u0308re sonra kendili\u011finden silinmektedir.<\/p>\n<p><b>Birinci Taraf ve \u00dc\u00e7\u00fcnc\u00fc Taraf \u00c7erezler:<\/b> \u00c7erezin birinci taraf ya da \u00fc\u00e7\u00fcnc\u00fc taraf olmas\u0131 durumu, internet sitesinin ya da etki alan\u0131n\u0131n yerle\u015ftirdi\u011fi \u00e7ereze g\u00f6re de\u011fi\u015fiklik arz etmektedir. Birinci taraf \u00e7erezler, do\u011frudan kullan\u0131c\u0131n\u0131n ziyaret etti\u011fi internet sitesi yani taray\u0131c\u0131n\u0131n adres c\u0327ubu\u011funda g\u00f6sterilen URL (duyumed.com.tr) taraf\u0131ndan yerle\u015ftirilmektedir. \u00dc\u00e7\u00fcnc\u00fc taraf \u00e7erezlerse kullan\u0131c\u0131n\u0131n ziyaret etti\u011fi etki alan\u0131ndan farkl\u0131 bir etki alan\u0131 taraf\u0131ndan yerle\u015ftirilmektedir.<\/p>\n<p><b>Kullan\u0131m ama\u00e7lar\u0131na g\u00f6re \u00e7erez \u00e7e\u015fitleri:<\/b> \u0130nternet sitemizde kullan\u0131m amac\u0131na g\u00f6re a\u015fa\u011f\u0131daki \u00e7erezler kullan\u0131lmaktad\u0131r:<\/p>\n<p><b>1) Zorunlu \u00c7erezler:<\/b><\/p>\n<p>Bu \u00e7erezler internet sitemizin \u00e7al\u0131\u015fmas\u0131 amac\u0131yla gerekli olan \u00e7erezlerdir. S\u00f6z konusu \u00e7erezler birinci taraf \u00e7erezler olup oturum s\u00fcresince (gizlilik tercihlerinize dair \u00e7erezler hari\u00e7 olmak \u00fczere, zira bu \u00e7erezler oturum s\u00fcresinden daha uzun \u00f6m\u00fcrl\u00fcd\u00fcr) ki\u015fisel veri i\u015flemekte, oturum sonland\u0131\u011f\u0131nda otomatikman silinmektedirler. S\u00f6z konusu \u00e7erezler talep etmi\u015f oldu\u011funuz bir bilgi toplumu hizmetinin (log-in olma, form doldurma ve gizlilik tercihlerinin hat\u0131rlanmas\u0131) yerine getirilebilmesi i\u00e7in zorunlu olarak kullan\u0131lmaktad\u0131rlar. Ayr\u0131ca performans ve analitik ama\u00e7l\u0131 \u00e7erez internet sitemizdeki ziyaret\u00e7ilerin say\u0131lmas\u0131 ve trafi\u011fin \u00f6l\u00e7\u00fclmesine olanak sa\u011flamaktad\u0131r ve birinci taraft\u0131r. Bu sayede sitemizin performans\u0131n\u0131 \u00f6l\u00e7mekte ve iyile\u015ftirebilmekteyiz. Bu \u00e7erezler internet sitemizdeki hangi sayfalar\u0131n en pop\u00fcler oldug\u0306u, hangilerinin de en az pop\u00fcler oldu\u011funu anlamam\u0131za yard\u0131mc\u0131 olmaktad\u0131r.<\/p>\n<p><b>2) \u0130\u015flevsel \u00c7erezler:<\/b><\/p>\n<p>Bu t\u00fcr \u00e7erezler, internet sitemizi daha i\u015flevsel k\u0131lmak ve ki\u015fiselle\u015ftirmek (gizlilik tercihleriniz hari\u00e7 olmak \u00fczere di\u011fer tercihlerinizin siteye tekrar girdi\u011finizde hat\u0131rlanmas\u0131n\u0131 sa\u011flamak) \u00fczere kullan\u0131lmaktad\u0131r.<\/p>\n<h4><strong>Ki\u015fisel Verilerin Hangi Ama\u00e7larla \u0130\u015flenece\u011fi ve Hukuki Sebepler<\/strong><\/h4>\n<p><b>Zorunlu \u00e7erezler,<\/b> talep etmi\u015f oldu\u011funuz bir bilgi toplumu hizmetinin (log-in olma, form doldurma ve gizlilik tercihlerinin hat\u0131rlanmas\u0131, internet sitemizdeki ziyaret\u00e7ilerin say\u0131lmas\u0131 ve trafi\u011fin \u00f6lc\u0327\u00fclmesi) yerine getirilebilmesi amac\u0131yla kullan\u0131lmaktad\u0131r. Bu \u00e7erezler arac\u0131l\u0131\u011f\u0131yla toplanan ki\u015fisel verileriniz, Kanunun 5\u2019inci maddesinin (2) numaral\u0131 f\u0131kras\u0131n\u0131n (c) bendi \u201cBir so\u0308zle\u015fmenin kurulmas\u0131 veya ifas\u0131yla dog\u0306rudan do\u011fruya ilgili olmas\u0131 kayd\u0131yla, so\u0308zle\u015fmenin taraflar\u0131na ait ki\u015fisel verilerin i\u015flenmesinin gerekli olmas\u0131\u201d veya (f) bendi \u201c\u0130lgili ki\u015finin temel hak ve \u00f6zg\u00fcrl\u00fcklerine zarar vermemek kayd\u0131yla, veri sorumlusunun me\u015fru menfaatleri i\u00e7in veri i\u00e7lenmesinin zorunlu olmas\u0131\u201d kapsam\u0131nda i\u00e7lenmektedir.<\/p>\n<p><b>\u0130\u015flevsel \u00e7erezler,<\/b> internet sayfam\u0131z\u0131 daha i\u015flevsel k\u0131lmak ve ki\u015fiselle\u015ftirmek (gizlilik tercihleriniz hari\u00e7 olmak \u00fczere di\u011fer tercihlerinizin siteye tekrar girdi\u011finizde hat\u0131rlanmas\u0131n\u0131 sa\u011flamak) ama\u00e7lar\u0131yla kullan\u0131lmaktad\u0131r. Bu \u00e7erezler arac\u0131l\u0131\u011f\u0131yla toplanan ki\u015fisel verileriniz, Kanun\u2019un 5\u2019inci maddesinin (1) numaral\u0131 f\u0131kras\u0131 kapsam\u0131nda a\u00e7\u0131k r\u0131zan\u0131z\u0131n al\u0131nmas\u0131 suretiyle i\u015flenmektedir. \u0130nternet sitemizde yer alan \u00e7erezlere ili\u015fkin bilgiler a\u015fa\u011f\u0131daki tabloda yer almaktad\u0131r:[\/vc_column_text][vc_column_text css=&#8221;&#8221; text_direction=&#8221;default&#8221;]\n<table border=\"1\" width=\"595\" cellspacing=\"0\" cellpadding=\"0\">\n<tbody>\n<tr>\n<td valign=\"top\" width=\"61\">\n<p align=\"center\"><b>\u00c7erez \u0130smi<\/b><b><\/b><\/p>\n<\/td>\n<td valign=\"top\" width=\"336\">\n<p align=\"center\"><b>\u00c7erezin Amac\u0131<\/b><b><\/b><\/p>\n<\/td>\n<td valign=\"top\" width=\"63\">\n<p align=\"center\"><b>\u00c7erez Tipi<\/b><\/p>\n<\/td>\n<td valign=\"top\" width=\"136\">\n<p align=\"center\"><b>\u00c7erezin Saklama S\u00fcresi<\/b><b><\/b><\/p>\n<\/td>\n<\/tr>\n<tr>\n<td valign=\"top\" width=\"61\">\n<p align=\"center\">\u00c7erez- 1a<\/p>\n<\/td>\n<td valign=\"top\" width=\"336\">\u0130nternet sitemizin \u00e7al\u0131s\u0327mas\u0131 amac\u0131yla gerekli olan \u00e7erezler olup talep etmi\u015f oldu\u011funuz bir bilgi toplumu hizmetinin (log- in olma) yerine getirilebilmesi i\u00e7in zorunlu olarak kullan\u0131lmaktad\u0131rlar. Sayfaya girildi\u011finde aktif olarak yerle\u015ftirilmektedirler.<\/td>\n<td valign=\"top\" width=\"63\">Birinci Taraf \u00c7erez<\/td>\n<td valign=\"top\" width=\"136\">Oturum s\u00fcresince saklan\u0131rlar.<\/td>\n<\/tr>\n<tr>\n<td valign=\"top\" width=\"61\">\n<p align=\"center\">\u00c7erez- 1b<\/p>\n<\/td>\n<td valign=\"top\" width=\"336\">\n<p>\u0130nternet sayfas\u0131n\u0131n \u00e7al\u0131\u015fmas\u0131 amac\u0131yla gerekli olan \u00e7erezler olup talep etmi\u015f oldu\u011funuz bir bilgi toplumu hizmetinin (form doldurma) yerine getirilebilmesi ic\u0327in zorunlu olarak kullan\u0131lmaktad\u0131rlar. Sayfaya girildi\u011finde aktif olarak yerle\u015ftirilmektedirler.<\/p>\n<p align=\"center\">\n<\/td>\n<td valign=\"top\" width=\"63\">\n<p>Birinci Taraf \u00c7erez<\/p>\n<p align=\"center\"><b>\u00a0<\/b><\/p>\n<\/td>\n<td valign=\"top\" width=\"136\">Oturum s\u00fcresince saklan\u0131rlar.<\/td>\n<\/tr>\n<tr>\n<td valign=\"top\" width=\"61\">\n<p align=\"center\">\u00c7erez- 1b<\/p>\n<\/td>\n<td valign=\"top\" width=\"336\">\u0130nternet sitemizin \u00e7al\u0131\u015fmas\u0131 amac\u0131yla gerekli olan \u00e7erezler olup talep etmi\u015f oldu\u011funuz bir bilgi toplumu hizmetinin (gizlilik tercihlerinin hat\u0131rlanmas\u0131) yerine getirilebilmesi ic\u0327in zorunlu olarak kullan\u0131lmaktad\u0131rlar. Sayfaya girildi\u011finde aktif olarak yerle\u015ftirilmektedirler.<b>\u00a0<\/b><\/td>\n<td valign=\"top\" width=\"63\">\n<p>Birinci Taraf \u00c7erez<\/p>\n<p align=\"center\"><b>\u00a0<\/b><\/p>\n<\/td>\n<td valign=\"top\" width=\"136\">365 g\u00fcn s\u00fcreyle saklanmaktad\u0131r.<\/td>\n<\/tr>\n<tr>\n<td valign=\"top\" width=\"61\">\n<p align=\"center\">\u00c7erez- 2<\/p>\n<\/td>\n<td valign=\"top\" width=\"336\">Bu \u00e7erez internet sitemizdeki ziyaret\u00e7ilerin say\u0131lmas\u0131 ve trafi\u011fin \u00f6lc\u0327\u00fclmesi ama\u00e7lar\u0131yla kullan\u0131lmaktad\u0131r. Bu sayede sitemizin performans\u0131n\u0131 \u00f6l\u00e7mekte ve iyile\u015ftirebilmekteyiz. Yaln\u0131zca anonim istatistikler \u00fcretilmekte ki\u015filerin internet gezinmelerini farkl\u0131 internet siteleri veya uygulamalar aras\u0131nda \u00e7apraz takibi amac\u0131yla kullan\u0131lmamaktad\u0131r.<\/td>\n<td valign=\"top\" width=\"63\">Birinci Taraf \u00c7erez<\/td>\n<td valign=\"top\" width=\"136\">180 g\u00fcn s\u00fcreyle saklanmaktad\u0131r.<\/td>\n<\/tr>\n<tr>\n<td valign=\"top\" width=\"61\">\n<p align=\"center\">\u00c7erez- 3<\/p>\n<\/td>\n<td valign=\"top\" width=\"336\">Bu \u00e7erezler, internet sitemizi daha i\u015flevsel k\u0131lmak ve ki\u015fiselles\u0327tirmek (gizlilik tercihleriniz hari\u00e7 olmak \u00fczere di\u011fer tercihlerinizin siteye tekrar girdi\u011finizde hat\u0131rlanmas\u0131n\u0131 sa\u011flamak \u00fczere) ama\u00e7lar\u0131yla kullan\u0131lmaktad\u0131r.<\/td>\n<td valign=\"top\" width=\"63\">Birinci Taraf \u00c7erez<\/td>\n<td valign=\"top\" width=\"136\">90 g\u00fcn s\u00fcreyle saklanmaktad\u0131r.<\/td>\n<\/tr>\n<\/tbody>\n<\/table>\n[\/vc_column_text][vc_column_text css=&#8221;&#8221; text_direction=&#8221;default&#8221;]<b>\u0130lgili Ki\u015filerin Talepleri<\/b><\/p>\n<p>\u0130nternet sitemizde kullan\u0131lan \u00e7erezler yoluyla ki\u015fisel verileri i\u015flenen ilgili ki\u015filer, Ki\u015fisel Verilerin Korunmas\u0131 Kanunu\u2019nun 11\u2019inci maddesi kapsam\u0131ndaki taleplerini, \u201cVeri Sorumlusuna Ba\u015fvuru Usul ve Esaslar\u0131 Hakk\u0131nda Tebli\u011fi\u201dne g\u00f6re Halaskargazi Cad. No:123\/7 Osmanbey \/ \u015ei\u015fli \/ \u0130stanbul<a>\u00a0<\/a>adresine yaz\u0131l\u0131 olarak veya internet sitemiz \u00fczerinden sunulan \u201cBa\u015fvuru Formu\u201d dok\u00fcman\u0131nda belirtilen y\u00f6ntemlerle iletebilmektedir.<\/p>\n<p><b>Taray\u0131c\u0131 Ayarlar\u0131ndan \u00c7erez Ayarlar\u0131<\/b><\/p>\n<p>\u0130nternet sitemizde yer alan ikona t\u0131klayarak istedi\u011finiz anda \u00e7erezlere ili\u015fkin tercihlerinizi de\u011fi\u015ftirebilirsiniz. \u00c7erez y\u00f6netim panelindeki butonlar\u0131 tercihinize g\u00f6re a\u00e7\u0131k veya kapal\u0131 konuma getirerek \u201cAyarlar\u0131 kaydet\u201d butonuna t\u0131klay\u0131n\u0131z. Ayarlar\u0131n\u0131z\u0131 etkin hale getirmek i\u00e7in sayfay\u0131 yenileyiniz.<\/p>\n<p>Bunun yan\u0131 s\u0131ra, taray\u0131c\u0131 ayarlar\u0131 arac\u0131l\u0131\u011f\u0131yla da k\u0131smen kontrol sa\u011flanabilmektedir. S\u0131k kullan\u0131lan taray\u0131c\u0131larda \u00e7erezlerin yo\u0308netimine ili\u015fkin bilgilere a\u015fa\u011f\u0131daki ba\u011flant\u0131lar arac\u0131l\u0131\u011f\u0131yla eri\u015febilirsiniz:<\/p>\n<ul type=\"disc\">\n<li>\u2013\u00a0Google Chrome (<a href=\"https:\/\/support.google.com\/accounts\/answer\/61416?co=GENIE.Platform%3DDe%20sktop&amp;hl=en\" target=\"_blank\" rel=\"noopener\">https:\/\/support.google.com\/accounts\/answer\/61416?co=GENIE.Platform%3DDe sktop&amp;hl=en<\/a>)<\/li>\n<li>\u2013 \u00a0Mozilla Firefox (<a href=\"https:\/\/support.mozilla.org\/en-US\/kb\/cookies-information-websites-store-on-your-computer\" target=\"_blank\" rel=\"noopener\">https:\/\/support.mozilla.org\/en-US\/kb\/cookies-information-websites-store-on-your-computer<\/a>)<\/li>\n<li>\u2013 \u00a0Microsoft Internet Explorer (<a href=\"https:\/\/support.microsoft.com\/en-gb\/windows\/delete-%20and-manage-cookies-168dab11-0753-043d-7c16-ede5947fc64d\" target=\"_blank\" rel=\"noopener\">https:\/\/support.microsoft.com\/en-gb\/windows\/delete- and-manage-cookies-168dab11-0753-043d-7c16-ede5947fc64d<\/a>)<\/li>\n<li>\u2013 \u00a0Safari (<a href=\"https:\/\/help.apple.com\/safari\/mac\/9.0\/#\/sfri40732\" target=\"_blank\" rel=\"noopener\">https:\/\/help.apple.com\/safari\/mac\/9.0\/#\/sfri40732<\/a>)<\/li>\n<li>\u2013 \u00a0Opera (<a href=\"https:\/\/help.opera.com\/en\/latest\/web-preferences\/\" target=\"_blank\" rel=\"noopener\">https:\/\/help.opera.com\/en\/latest\/web-preferences\/<\/a>)<\/li>\n<\/ul>\n[\/vc_column_text][\/vc_column][\/vc_row]\n","protected":false},"excerpt":{"rendered":"<p>[vc_row type=&#8221;in_container&#8221; full_screen_row_position=&#8221;middle&#8221; column_margin=&#8221;default&#8221; column_direction=&#8221;default&#8221; column_direction_tablet=&#8221;default&#8221; column_direction_phone=&#8221;default&#8221; scene_position=&#8221;center&#8221; text_color=&#8221;dark&#8221; text_align=&#8221;left&#8221; row_border_radius=&#8221;none&#8221; row_border_radius_applies=&#8221;bg&#8221; overflow=&#8221;visible&#8221; overlay_strength=&#8221;0.3&#8243; gradient_direction=&#8221;left_to_right&#8221; shape_divider_position=&#8221;bottom&#8221; bg_image_animation=&#8221;none&#8221;][vc_column column_padding=&#8221;no-extra-padding&#8221; column_padding_tablet=&#8221;inherit&#8221; column_padding_phone=&#8221;inherit&#8221; column_padding_position=&#8221;all&#8221; column_element_direction_desktop=&#8221;default&#8221; column_element_spacing=&#8221;default&#8221; desktop_text_alignment=&#8221;default&#8221; tablet_text_alignment=&#8221;default&#8221;&#8230;<\/p>\n","protected":false},"author":1,"featured_media":0,"parent":0,"menu_order":0,"comment_status":"closed","ping_status":"closed","template":"","meta":{"footnotes":""},"class_list":["post-5970","page","type-page","status-publish"],"_links":{"self":[{"href":"https:\/\/odyoloji.com.tr\/index.php\/wp-json\/wp\/v2\/pages\/5970","targetHints":{"allow":["GET"]}}],"collection":[{"href":"https:\/\/odyoloji.com.tr\/index.php\/wp-json\/wp\/v2\/pages"}],"about":[{"href":"https:\/\/odyoloji.com.tr\/index.php\/wp-json\/wp\/v2\/types\/page"}],"author":[{"embeddable":true,"href":"https:\/\/odyoloji.com.tr\/index.php\/wp-json\/wp\/v2\/users\/1"}],"replies":[{"embeddable":true,"href":"https:\/\/odyoloji.com.tr\/index.php\/wp-json\/wp\/v2\/comments?post=5970"}],"version-history":[{"count":13,"href":"https:\/\/odyoloji.com.tr\/index.php\/wp-json\/wp\/v2\/pages\/5970\/revisions"}],"predecessor-version":[{"id":7274,"href":"https:\/\/odyoloji.com.tr\/index.php\/wp-json\/wp\/v2\/pages\/5970\/revisions\/7274"}],"wp:attachment":[{"href":"https:\/\/odyoloji.com.tr\/index.php\/wp-json\/wp\/v2\/media?parent=5970"}],"curies":[{"name":"wp","href":"https:\/\/api.w.org\/{rel}","templated":true}]}}